{"id":202,"date":"2016-06-08T09:40:16","date_gmt":"2016-06-08T07:40:16","guid":{"rendered":"http:\/\/www.elektro-nienhaus.de\/neu2016\/?page_id=202"},"modified":"2024-02-08T16:40:02","modified_gmt":"2024-02-08T15:40:02","slug":"e-check","status":"publish","type":"page","link":"https:\/\/www.elektro-nienhaus.de\/index.php\/leistungen\/e-check\/","title":{"rendered":"E-Check"},"content":{"rendered":"\n<style type=\"text\/css\" data-created_by=\"avia_inline_auto\" id=\"style-css-av-d1ixm-5cc6be376bd1b72b8bdca59dce42cf0b\">\n.flex_column.av-d1ixm-5cc6be376bd1b72b8bdca59dce42cf0b{\n-webkit-border-radius:0px 0px 0px 0px;\n-moz-border-radius:0px 0px 0px 0px;\nborder-radius:0px 0px 0px 0px;\npadding:0px 0px 0px 0px;\n}\n<\/style>\n<div class='flex_column av-d1ixm-5cc6be376bd1b72b8bdca59dce42cf0b av_one_full  avia-builder-el-0  avia-builder-el-no-sibling  first flex_column_div av-zero-column-padding '     ><section  class='av_textblock_section av-agpvu-a3ac890f9f31576317479399cce9c650'  itemscope=\"itemscope\" itemtype=\"https:\/\/schema.org\/CreativeWork\" ><div class='avia_textblock'  itemprop=\"text\" ><h2><span style=\"color: #c83a2a;\">Der E-CHECK vom Elektrofachbetrieb. Ihr Mehr an Sicherheit.<\/span><\/h2>\n<p>Der E-CHECK ist das anerkannte Pr\u00fcfsiegel der Elektrofachbetriebe f\u00fcr elektrische Installationen und Ger\u00e4te. Er dokumentiert deren ordnungsgem\u00e4\u00dfen Zustand und erm\u00f6glicht die Erkennung von Gefahren, bevor ein Schaden entstehen kann. Professionelle Arbeit und uneingeschr\u00e4nkte Kompetenz sind die Voraussetzung daf\u00fcr, dass der hohe Sicherheits- und Qualit\u00e4tsanspruch des E-CHECK eingehalten werden k\u00f6nnen.<\/p>\n<p><img loading=\"lazy\" decoding=\"async\" class=\"size-full wp-image-203 alignnone\" src=\"https:\/\/www.elektro-nienhaus.de\/neu2016\/wp-content\/uploads\/2016\/06\/echeck_img.jpg\" alt=\"echeck_img\" width=\"542\" height=\"171\" srcset=\"https:\/\/www.elektro-nienhaus.de\/wp-content\/uploads\/2016\/06\/echeck_img.jpg 542w, https:\/\/www.elektro-nienhaus.de\/wp-content\/uploads\/2016\/06\/echeck_img-300x95.jpg 300w, https:\/\/www.elektro-nienhaus.de\/wp-content\/uploads\/2016\/06\/echeck_img-450x142.jpg 450w\" sizes=\"(max-width: 542px) 100vw, 542px\" \/><\/p>\n<h2><span style=\"color: #c83a2a;\">WARUM E-CHECK?<\/span><\/h2>\n<h3>5 gute Gr\u00fcnde warum Sie regelm\u00e4\u00dfig Ihre Elektroinstallation pr\u00fcfen lassen sollten.<\/h3>\n<p><strong>\u00bb Grund 1 &#8211; Schutz<\/strong><br \/>\nDer E-CHECK gibt Ihnen die Gewissheit, dass die gepr\u00fcfte Elektroinstallation und die gepr\u00fcften Elektroger\u00e4te allen Sicherheitsaspekten gen\u00fcgen. Damit sch\u00fctzen Sie Ihre Familie und Ihren Betrieb.<\/p>\n<p><strong><br \/>\n\u00bb Grund 2 &#8211; Schadensersatzanspr\u00fcche<\/strong><br \/>\nDer E-CHECK sch\u00fctzt im Regelfall vor eventuellen Schadensersatzanspr\u00fcchen. Sie haben alle Pr\u00fcf- und Messergebnisse schwarz auf wei\u00df vorliegen und ersparen sich somit unangenehme \u00dcberraschungen.<\/p>\n<p><strong><br \/>\n\u00bb Grund 3 &#8211; Energiesparen<\/strong><br \/>\nDer E-CHECK bietet echte Mehrleistung mit der vom Elektromeister angebotenen Energiesparberatung. So sparen Sie Kosten, sparen Sie Geld und schonen Sie die Umwelt.<\/p>\n<p><strong><br \/>\n\u00bb Grund 4 &#8211; Schadensvorbeugung<\/strong><br \/>\nDer E-CHECK beugt vor, bevor ein Schaden entsteht. Als Unternehmer liegt Ihnen ein reibungsloser Betriebsablauf am Herzen. Mit dem E-CHECK sind Sie vor unn\u00f6tigen Ausfallzeiten und teurem Datenverlust gesch\u00fctzt.<\/p>\n<p><strong><br \/>\n\u00bb Grund 5 &#8211; Verpflichtungen<\/strong><br \/>\nDer E-CHECK weist gegen\u00fcber Gewerbeaufsichts\u00e4mtern, Berufsgenossenschaften und Versicherungen den einwandfreien Zustand Ihrer Elektroanlage nach. So kommen Sie allen gesetzlichen Verpflichtungen nach. Und nicht nur das: Viele Versicherungen erkennen den E-CHECK an und erm\u00e4\u00dfigen Ihre Pr\u00e4mien.<\/p>\n<\/div><\/section><\/div>\n","protected":false},"excerpt":{"rendered":"","protected":false},"author":1,"featured_media":0,"parent":71,"menu_order":4,"comment_status":"closed","ping_status":"closed","template":"","meta":{"footnotes":""},"_links":{"self":[{"href":"https:\/\/www.elektro-nienhaus.de\/index.php\/wp-json\/wp\/v2\/pages\/202"}],"collection":[{"href":"https:\/\/www.elektro-nienhaus.de\/index.php\/wp-json\/wp\/v2\/pages"}],"about":[{"href":"https:\/\/www.elektro-nienhaus.de\/index.php\/wp-json\/wp\/v2\/types\/page"}],"author":[{"embeddable":true,"href":"https:\/\/www.elektro-nienhaus.de\/index.php\/wp-json\/wp\/v2\/users\/1"}],"replies":[{"embeddable":true,"href":"https:\/\/www.elektro-nienhaus.de\/index.php\/wp-json\/wp\/v2\/comments?post=202"}],"version-history":[{"count":2,"href":"https:\/\/www.elektro-nienhaus.de\/index.php\/wp-json\/wp\/v2\/pages\/202\/revisions"}],"predecessor-version":[{"id":945,"href":"https:\/\/www.elektro-nienhaus.de\/index.php\/wp-json\/wp\/v2\/pages\/202\/revisions\/945"}],"up":[{"embeddable":true,"href":"https:\/\/www.elektro-nienhaus.de\/index.php\/wp-json\/wp\/v2\/pages\/71"}],"wp:attachment":[{"href":"https:\/\/www.elektro-nienhaus.de\/index.php\/wp-json\/wp\/v2\/media?parent=202"}],"curies":[{"name":"wp","href":"https:\/\/api.w.org\/{rel}","templated":true}]}}