{"id":631,"date":"2018-03-29T11:51:15","date_gmt":"2018-03-29T09:51:15","guid":{"rendered":"http:\/\/www.elektro-nienhaus.de\/?page_id=631"},"modified":"2024-02-08T17:32:43","modified_gmt":"2024-02-08T16:32:43","slug":"fachkraft-fuer-kohlenmonoxid-in-wohnraeumen-und-freizeitfahrzeugen","status":"publish","type":"page","link":"https:\/\/www.elektro-nienhaus.de\/index.php\/zertifizierungen\/fachkraft-fuer-kohlenmonoxid-in-wohnraeumen-und-freizeitfahrzeugen\/","title":{"rendered":"Fachkraft f\u00fcr Kohlenmonoxid in Wohnr\u00e4umen und Freizeitfahrzeugen"},"content":{"rendered":"\n<style type=\"text\/css\" data-created_by=\"avia_inline_auto\" id=\"style-css-av-15nfnj-e53aa18e83bb7ecfdac92e2e031ae5ff\">\n.flex_column.av-15nfnj-e53aa18e83bb7ecfdac92e2e031ae5ff{\n-webkit-border-radius:0px 0px 0px 0px;\n-moz-border-radius:0px 0px 0px 0px;\nborder-radius:0px 0px 0px 0px;\npadding:0px 0px 0px 0px;\n}\n<\/style>\n<div class='flex_column av-15nfnj-e53aa18e83bb7ecfdac92e2e031ae5ff av_one_full  avia-builder-el-0  el_before_av_one_half  avia-builder-el-first  first flex_column_div av-zero-column-padding '     ><section  class='av_textblock_section av-yullz-01e00534789bd09fd1a8a85520481466'  itemscope=\"itemscope\" itemtype=\"https:\/\/schema.org\/CreativeWork\" ><div class='avia_textblock'  itemprop=\"text\" ><h2><span style=\"color: #c83a2a;\">Fachkraft f\u00fcr Kohlenmonoxid in Wohnr\u00e4umen und Freizeitfahrzeugen<\/span><\/h2>\n<p>Unsere Mitarbeiter Christoph Wilmers und Maximilian Hayk haben am 15.03.2018 die T\u00dcV zertifizierte Pr\u00fcfung zur Fachkraft f\u00fcr Kohlenmonoxid erfolgreich bestanden und damit die erforderlichen Kenntnisse f\u00fcr die Planung, den Einbau und die Instandhaltung von Kohlenmonoxidwarnmeldern nachgewiesen.<\/p>\n<p>An dem Schulungstag wurden folgende Themen vermittelt:<\/p>\n<ul>\n<li>Eigenschaften, Entstehung und Verhalten von Kohlenmonoxid<\/li>\n<li>Wirkung von Kohlenmonoxid im menschlichen K\u00f6rper<\/li>\n<li>Inhalte der EN 50291 und DIN 50292<\/li>\n<li>Kenntnisse \u00fcber Kohlenmonoxidwarnmelder<\/li>\n<\/ul>\n<p>Wir unterst\u00fctzen Sie gerne, damit Sie sich gegen das <strong>gef\u00e4hrliche Kohlenmonoxid<\/strong> sch\u00fctzen k\u00f6nnen.<\/p>\n<\/div><\/section><\/div>\n<style type=\"text\/css\" data-created_by=\"avia_inline_auto\" id=\"style-css-av-qjy2f-68528de85e3d4c2da9b66d23840e42c8\">\n.flex_column.av-qjy2f-68528de85e3d4c2da9b66d23840e42c8{\n-webkit-border-radius:0px 0px 0px 0px;\n-moz-border-radius:0px 0px 0px 0px;\nborder-radius:0px 0px 0px 0px;\npadding:0px 0px 0px 0px;\n}\n<\/style>\n<div class='flex_column av-qjy2f-68528de85e3d4c2da9b66d23840e42c8 av_one_half  avia-builder-el-2  el_after_av_one_full  el_before_av_one_half  first flex_column_div av-zero-column-padding column-top-margin'     ><div  class='avia-button-wrap avia-button-center  avia-builder-el-3  avia-builder-el-no-sibling ' >\n<style type=\"text\/css\" data-created_by=\"avia_inline_auto\" id=\"style-css-av-jg79z-7a6aa89d0445f212a9e0ad702bd3ccb8\">\n#top #wrap_all .avia-button.av-jg79z-7a6aa89d0445f212a9e0ad702bd3ccb8{\ncolor:#ffffff;\n-webkit-transition:all 0.4s ease-in-out;\n-moz-transition:all 0.4s ease-in-out;\n-ms-transition:all 0.4s ease-in-out;\n-o-transition:all 0.4s ease-in-out;\ntransition:all 0.4s ease-in-out;\n}\n#top #wrap_all .avia-button.av-jg79z-7a6aa89d0445f212a9e0ad702bd3ccb8:hover{\ncolor:#ffffff;\n-webkit-transition:all 0.4s ease-in-out;\n-moz-transition:all 0.4s ease-in-out;\n-ms-transition:all 0.4s ease-in-out;\n-o-transition:all 0.4s ease-in-out;\ntransition:all 0.4s ease-in-out;\n}\n<\/style>\n<a href='https:\/\/www.elektro-nienhaus.de\/wp-content\/uploads\/2018\/03\/Fachkraft-f\u00fcr-Kohlenmonoxidmelder16032018.jpg' class='avia-color-theme-color avia-button avia-button-fullwidth av-jg79z-7a6aa89d0445f212a9e0ad702bd3ccb8 avia-icon_select-no avia-color-theme-color' ><span class='avia_iconbox_title' >Download Zertifikat <\/span><span class='avia_button_background avia-button avia-button-fullwidth avia-color-theme-color'><\/span><\/a><\/div><\/div><\/p>\n\n<style type=\"text\/css\" data-created_by=\"avia_inline_auto\" id=\"style-css-av-db2mn-af67749d190f2985eda6dc1e6c7cc5bb\">\n.flex_column.av-db2mn-af67749d190f2985eda6dc1e6c7cc5bb{\n-webkit-border-radius:0px 0px 0px 0px;\n-moz-border-radius:0px 0px 0px 0px;\nborder-radius:0px 0px 0px 0px;\npadding:0px 0px 0px 0px;\n}\n<\/style>\n<div class='flex_column av-db2mn-af67749d190f2985eda6dc1e6c7cc5bb av_one_half  avia-builder-el-4  el_after_av_one_half  avia-builder-el-last  flex_column_div av-zero-column-padding column-top-margin'     ><div  class='avia-button-wrap avia-button-center  avia-builder-el-5  avia-builder-el-no-sibling ' >\n<style type=\"text\/css\" data-created_by=\"avia_inline_auto\" id=\"style-css-av-bvglr-55d358c6bb576e3233a37504c8d8b763\">\n#top #wrap_all .avia-button.av-bvglr-55d358c6bb576e3233a37504c8d8b763{\ncolor:#ffffff;\n-webkit-transition:all 0.4s ease-in-out;\n-moz-transition:all 0.4s ease-in-out;\n-ms-transition:all 0.4s ease-in-out;\n-o-transition:all 0.4s ease-in-out;\ntransition:all 0.4s ease-in-out;\n}\n#top #wrap_all .avia-button.av-bvglr-55d358c6bb576e3233a37504c8d8b763:hover{\ncolor:#ffffff;\n-webkit-transition:all 0.4s ease-in-out;\n-moz-transition:all 0.4s ease-in-out;\n-ms-transition:all 0.4s ease-in-out;\n-o-transition:all 0.4s ease-in-out;\ntransition:all 0.4s ease-in-out;\n}\n<\/style>\n<a href='https:\/\/www.elektro-nienhaus.de\/wp-content\/uploads\/2018\/03\/Fachkraft-f\u00fcr-Kohlenmonoxidmelder-Christoph16032018.jpg' class='avia-color-theme-color avia-button avia-button-fullwidth av-bvglr-55d358c6bb576e3233a37504c8d8b763 avia-icon_select-no avia-color-theme-color' ><span class='avia_iconbox_title' >Download Zertifikat <\/span><span class='avia_button_background avia-button avia-button-fullwidth avia-color-theme-color'><\/span><\/a><\/div><\/div>\n","protected":false},"excerpt":{"rendered":"","protected":false},"author":1,"featured_media":0,"parent":346,"menu_order":4,"comment_status":"closed","ping_status":"closed","template":"","meta":{"footnotes":""},"_links":{"self":[{"href":"https:\/\/www.elektro-nienhaus.de\/index.php\/wp-json\/wp\/v2\/pages\/631"}],"collection":[{"href":"https:\/\/www.elektro-nienhaus.de\/index.php\/wp-json\/wp\/v2\/pages"}],"about":[{"href":"https:\/\/www.elektro-nienhaus.de\/index.php\/wp-json\/wp\/v2\/types\/page"}],"author":[{"embeddable":true,"href":"https:\/\/www.elektro-nienhaus.de\/index.php\/wp-json\/wp\/v2\/users\/1"}],"replies":[{"embeddable":true,"href":"https:\/\/www.elektro-nienhaus.de\/index.php\/wp-json\/wp\/v2\/comments?post=631"}],"version-history":[{"count":2,"href":"https:\/\/www.elektro-nienhaus.de\/index.php\/wp-json\/wp\/v2\/pages\/631\/revisions"}],"predecessor-version":[{"id":940,"href":"https:\/\/www.elektro-nienhaus.de\/index.php\/wp-json\/wp\/v2\/pages\/631\/revisions\/940"}],"up":[{"embeddable":true,"href":"https:\/\/www.elektro-nienhaus.de\/index.php\/wp-json\/wp\/v2\/pages\/346"}],"wp:attachment":[{"href":"https:\/\/www.elektro-nienhaus.de\/index.php\/wp-json\/wp\/v2\/media?parent=631"}],"curies":[{"name":"wp","href":"https:\/\/api.w.org\/{rel}","templated":true}]}}